{"id":17,"date":"2012-09-13T08:34:11","date_gmt":"2012-09-13T06:34:11","guid":{"rendered":"http:\/\/localhost\/wordpress\/?page_id=2"},"modified":"2019-12-01T20:46:57","modified_gmt":"2019-12-01T18:46:57","slug":"startseite","status":"publish","type":"page","link":"https:\/\/www.bellina.eu\/","title":{"rendered":"Benvenuti!"},"content":{"rendered":"<div id=\"attachment_1074\" style=\"width: 163px\" class=\"wp-caption alignleft\"><img loading=\"lazy\" decoding=\"async\" aria-describedby=\"caption-attachment-1074\" class=\"wp-image-1074 size-medium\" src=\"https:\/\/www.bellina.eu\/wp-content\/uploads\/2012\/09\/lmb_07-153x300.jpg\" alt=\"Bei der Arbeit ...\" width=\"153\" height=\"300\"><p id=\"caption-attachment-1074\" class=\"wp-caption-text\"><span style=\"color: #808080;\">Bild: Ramona Voshage<\/span><\/p><\/div>\n<p>&nbsp;<\/p>\n<p style=\"text-align: justify;\"><small><strong>Eine gute K\u00fcche braucht ein gutes \u00d6l &#8230; <\/strong><br \/>\n<strong> &nbsp; &nbsp; &nbsp;&nbsp; &#8230; denn sie kann nur so gut sein wie die Summe ihrer Zutaten&nbsp; <\/strong><\/small><\/p>\n<p style=\"text-align: justify;\"><small><strong>Herzlich willkommen bei Luigi Bellina, Oliven\u00f6l und Wein<\/strong><\/small><\/p>\n<p style=\"text-align: justify;\"><small>von der Ernte \u00fcber die Pressung, von der Abf\u00fcllung bis zur Lieferung &#8211; alles aus einer Hand. Sowohl die \u00d6le &#8222;Alvano&#8220; von den eigenen B\u00e4umen, wie auch die anderen \u00d6le werden aus tagesfrisch gepfl\u00fcckten Oliven hergestellt. Noch am selben Abend wird gepresst, nur in Ausnahmef\u00e4llen bleiben die Fr\u00fcchte bis zum n\u00e4chsten Tag liegen. Zusammen mit meiner \u00d6lm\u00fchle habe ich Kriterien festgelegt, um bestm\u00f6gliche Qualit\u00e4t zu produzieren. Daf\u00fcr stehe ich mit meinem Namen ein. <\/small><\/p>\n<p style=\"text-align: justify;\"><small>Meine \u00d6le sind im <a title=\"Online Shop auf www.bellina.eu\" href=\"https:\/\/www.shop.bellina.eu\">Direktvertrieb<\/a> oder in ausgew\u00e4hlten <a href=\"https:\/\/www.bellina.eu\/Vertriebspartner\">Gesch\u00e4ften<\/a> erh\u00e4ltlich. Sauber, gut und fair &#8211; diese Philosophie deckt sich mit den Statuten der Slow Food Bewegung. Seit April 2012 bin ich F\u00f6rdermitglied im Convivium Freiburg. <\/small><\/p>\n<p style=\"text-align: justify;\"><small>Sie m\u00f6chten das Terroir kennen lernen und Sizilianische Lebensart erfahren? Kommen Sie mit und geniessen Sie eine Auszeit, mit urspr\u00fcnglichen Menschen, Mittelmeerkost und in sch\u00f6ner Natur. Meine Individualreisen bieten Ihnen Gestaltungsspielraum und Erholung. Sie bestimmen das Programm &#8211; ich bin Ihr Begleiter und Berater, zeige Ihnen unbekannte &#8211; aber gerade deshalb interessante Orte.<br \/>\nIch freue mich \u00fcber Ihr Interesse an meinem Angebot<\/small><small> &#8211; und nat\u00fcrlich auch auf Ihre R\u00fcckmeldung und Meinung,<\/small><\/p>\n<p style=\"text-align: justify;\">Ihr Luigi Bellina<\/p>\n","protected":false},"excerpt":{"rendered":"<p>&nbsp; Eine gute K\u00fcche braucht ein gutes \u00d6l &#8230; &nbsp; &nbsp; &nbsp;&nbsp; &#8230; denn sie kann nur so gut sein wie die Summe ihrer Zutaten&nbsp; Herzlich willkommen bei Luigi Bellina, Oliven\u00f6l und Wein von der Ernte \u00fcber die Pressung, von &hellip; <a href=\"https:\/\/www.bellina.eu\/\">Weiterlesen <span class=\"meta-nav\">&rarr;<\/span><\/a><\/p>\n","protected":false},"author":1,"featured_media":414,"parent":0,"menu_order":1,"comment_status":"closed","ping_status":"closed","template":"sidebar-page.php","meta":{"footnotes":""},"class_list":["post-17","page","type-page","status-publish","has-post-thumbnail","hentry"],"_links":{"self":[{"href":"https:\/\/www.bellina.eu\/index.php?rest_route=\/wp\/v2\/pages\/17","targetHints":{"allow":["GET"]}}],"collection":[{"href":"https:\/\/www.bellina.eu\/index.php?rest_route=\/wp\/v2\/pages"}],"about":[{"href":"https:\/\/www.bellina.eu\/index.php?rest_route=\/wp\/v2\/types\/page"}],"author":[{"embeddable":true,"href":"https:\/\/www.bellina.eu\/index.php?rest_route=\/wp\/v2\/users\/1"}],"replies":[{"embeddable":true,"href":"https:\/\/www.bellina.eu\/index.php?rest_route=%2Fwp%2Fv2%2Fcomments&post=17"}],"version-history":[{"count":27,"href":"https:\/\/www.bellina.eu\/index.php?rest_route=\/wp\/v2\/pages\/17\/revisions"}],"predecessor-version":[{"id":1932,"href":"https:\/\/www.bellina.eu\/index.php?rest_route=\/wp\/v2\/pages\/17\/revisions\/1932"}],"wp:featuredmedia":[{"embeddable":true,"href":"https:\/\/www.bellina.eu\/index.php?rest_route=\/wp\/v2\/media\/414"}],"wp:attachment":[{"href":"https:\/\/www.bellina.eu\/index.php?rest_route=%2Fwp%2Fv2%2Fmedia&parent=17"}],"curies":[{"name":"wp","href":"https:\/\/api.w.org\/{rel}","templated":true}]}}