{"id":249,"date":"2012-09-14T17:23:28","date_gmt":"2012-09-14T15:23:28","guid":{"rendered":"http:\/\/localhost\/wordpress\/?page_id=249"},"modified":"2019-01-24T09:08:46","modified_gmt":"2019-01-24T07:08:46","slug":"vertriebspartner","status":"publish","type":"page","link":"https:\/\/www.bellina.eu\/?page_id=249","title":{"rendered":"Vertriebspartner"},"content":{"rendered":"<p>Sie wollen lieber direkt aus dem Regal einkaufen, eventuell vorher kosten?<\/p>\n<p>Im Raum Freiburg im Breisgau und Umgebung bin ich f\u00fcr Sie jeden Samstag auf dem Wochenmarkt in Waldkirch zu finden. Sie k\u00f6nnen auch telefonisch bestellen und nach Vereinbarung die Ware abholen. Bei gr\u00f6\u00dferen Mengen liefern wir im Raum Freiburg, Emmendingen auch frei Haus.<\/p>\n<p>In diesen Gesch\u00e4ften erhalten Sie meine \u00d6le&nbsp; &#8230;<img loading=\"lazy\" decoding=\"async\" style=\"border: 0px none;\" src=\"https:\/\/www.bellina.eu\/wp-content\/uploads\/2012\/09\/line_1.jpg\" alt=\"\" width=\"580\" height=\"2\" border=\"0\"><\/p>\n<p>10623&nbsp; Berlin &#8211; Charlottenburg<br \/>\nVini-Culture GmbH, Grolmanstr. 44 &#8211; 45<br \/>\n\u00d6ffnungszeiten: T\u00e4glich 11:00 &#8211; 20:00 Uhr, Samstag 10:00 &#8211; 18:00<br \/>\n<a href=\"https:\/\/www.viniculture.de\">www.viniculture.de<\/a><\/p>\n<p><img loading=\"lazy\" decoding=\"async\" src=\"https:\/\/www.bellina.eu\/wp-content\/uploads\/2012\/09\/line_1.jpg\" alt=\"\" width=\"580\" height=\"2\" border=\"0\"><\/p>\n<p>18347 Ostseebad Wustrow<br \/>\nSchimmel&#8217;s Rosine<br \/>\nStrandstrasse 1, Tel. 038220 \/ 66500<br \/>\n<a href=\"https:\/\/www.schimmels.de\">www.schimmels.de<\/a><\/p>\n<p><img loading=\"lazy\" decoding=\"async\" src=\"https:\/\/www.bellina.eu\/wp-content\/uploads\/2012\/09\/line_1.jpg\" alt=\"\" width=\"580\" height=\"2\" border=\"0\"><\/p>\n<p>63150 Heusenstamm &#8211; Ortsteil Rembr\u00fccken<br \/>\nIngrid Kj\u00f6ge<br \/>\nIm Rehwinkel 3, Tel. 06106 \/ 13550 &#8211; nur nach telefonischer Vereinbarung<br \/>\nikjoege@t-online.de<\/p>\n<p><img loading=\"lazy\" decoding=\"async\" src=\"https:\/\/www.bellina.eu\/wp-content\/uploads\/2012\/09\/line_1.jpg\" alt=\"\" width=\"580\" height=\"2\" border=\"0\"><\/p>\n<p>72669&nbsp; Unterensingen<br \/>\nKomm In Markt e.G., Kanalstr. 1, Tel. 07022 \/ 262802<br \/>\n\u00d6ffnungszeiten: Mo-Fr 09:00 &#8211; 18:30 Uhr, Sa. 09:00 &#8211; 13:00<\/p>\n<p><img loading=\"lazy\" decoding=\"async\" src=\"https:\/\/www.bellina.eu\/wp-content\/uploads\/2012\/09\/line_1.jpg\" alt=\"\" width=\"580\" height=\"2\" border=\"0\"><\/p>\n<p>74385&nbsp; Pleidelsheim<br \/>\nB\u00e4rbel Gohl K\u00e4seck am Backh\u00e4usle<br \/>\n\u00d6ffnungszeiten: Mo, Di, Do, Fr&nbsp; 08:00 &#8211; 13:00 Uhr, 15:00 &#8211; 18:00 Uhr,<br \/>\nMittwoch und Samstag 08:00 &#8211; 13:00 Uhr<br \/>\n<a href=\"https:\/\/www.kaeseck.de\">www.kaeseck.de<\/a><\/p>\n<p><img loading=\"lazy\" decoding=\"async\" src=\"https:\/\/www.bellina.eu\/wp-content\/uploads\/2012\/09\/line_1.jpg\" alt=\"\" width=\"580\" height=\"2\" border=\"0\"><\/p>\n","protected":false},"excerpt":{"rendered":"<p>Sie wollen lieber direkt aus dem Regal einkaufen, eventuell vorher kosten? Im Raum Freiburg im Breisgau und Umgebung bin ich f\u00fcr Sie jeden Samstag auf dem Wochenmarkt in Waldkirch zu finden. Sie k\u00f6nnen auch telefonisch bestellen und nach Vereinbarung die &hellip; <a href=\"https:\/\/www.bellina.eu\/?page_id=249\">Weiterlesen <span class=\"meta-nav\">&rarr;<\/span><\/a><\/p>\n","protected":false},"author":1,"featured_media":0,"parent":0,"menu_order":0,"comment_status":"closed","ping_status":"closed","template":"sidebar-page.php","meta":{"footnotes":""},"class_list":["post-249","page","type-page","status-publish","hentry"],"_links":{"self":[{"href":"https:\/\/www.bellina.eu\/index.php?rest_route=\/wp\/v2\/pages\/249","targetHints":{"allow":["GET"]}}],"collection":[{"href":"https:\/\/www.bellina.eu\/index.php?rest_route=\/wp\/v2\/pages"}],"about":[{"href":"https:\/\/www.bellina.eu\/index.php?rest_route=\/wp\/v2\/types\/page"}],"author":[{"embeddable":true,"href":"https:\/\/www.bellina.eu\/index.php?rest_route=\/wp\/v2\/users\/1"}],"replies":[{"embeddable":true,"href":"https:\/\/www.bellina.eu\/index.php?rest_route=%2Fwp%2Fv2%2Fcomments&post=249"}],"version-history":[{"count":18,"href":"https:\/\/www.bellina.eu\/index.php?rest_route=\/wp\/v2\/pages\/249\/revisions"}],"predecessor-version":[{"id":1909,"href":"https:\/\/www.bellina.eu\/index.php?rest_route=\/wp\/v2\/pages\/249\/revisions\/1909"}],"wp:attachment":[{"href":"https:\/\/www.bellina.eu\/index.php?rest_route=%2Fwp%2Fv2%2Fmedia&parent=249"}],"curies":[{"name":"wp","href":"https:\/\/api.w.org\/{rel}","templated":true}]}}