{"id":305,"date":"2012-09-14T18:26:10","date_gmt":"2012-09-14T16:26:10","guid":{"rendered":"http:\/\/localhost\/wordpress\/?page_id=305"},"modified":"2016-02-15T20:11:58","modified_gmt":"2016-02-15T18:11:58","slug":"olivenol-alvano","status":"publish","type":"page","link":"https:\/\/www.bellina.eu\/?page_id=305","title":{"rendered":"Oliven\u00f6l Alvano"},"content":{"rendered":"<p style=\"text-align: justify;\">[singlepic id=88 h=180 float=right]Die \u00d6le aus dem eigenen Olivenhain unterhalb des Monte Triona, auf Gemarkung Alvano im Flurgebiet von Bisacquino, Provinz Palermo nehmen nun schon seit mehreren Jahren eine Spitzenstellung ein. Der teilweise stark schotterige Lehmboden, in leichter Hanglage auf 320m \u00fcber Meeresh\u00f6he, bietet ideale Voraussetzungen f\u00fcr die Aufnahme von Mineralien und N\u00e4hrstoffen. ca 200 B\u00e4ume aus altem Bestand werden auf eine maximale H\u00f6he von 4-5 m gehalten, auf die Verwendung von Kunstd\u00fcnger oder chemischen Pflanzenschutzmitteln wird grunds\u00e4tzlich verzichtet. 2007 kamen 500 junge Pflanzen dazu, 2012 wurden erstmals nennenswerte Olivenmengen geerntet. 2015 konnten wir bereits einen Rekord von 3500 kg Oliven nur aus dieser Neupflanzung verzeichnen.<\/p>\n<p style=\"text-align: justify;\">[singlepic id=87 h=180 float=right]<br \/>\n<strong>ALVANO Giaraffa Monocultivar<\/strong><br \/>\nHoher Anteil an gr\u00fcnen Fr\u00fcchten, ca. 30% halbreife bis reife Fr\u00fcchte. Fruchtig grasiges, eher milderes \u00d6l mit goldgelber Farbe. Im Geschmack sind die gr\u00fcnen Noten stark ausgepr\u00e4gt, dominante Note gr\u00fcne Banane sowie Kr\u00e4uter &#8211; Kresse, junge Artischocken, Endivie.\u00a0 Am Gaumen ansteigende Intensit\u00e4t, im Abgang leicht pfeffrig, mittlere Persistenz. Leicht pikant, im Nachhall Peperoni.<br \/>\nEignet sich hervorragend aufs Brot, \u00fcber ged\u00fcnstetes Gem\u00fcse, zu Salaten und zu Fleisch. Mit Zitrone zu frisch ger\u00e4ucherter Lachsforelle.<\/p>\n<p style=\"text-align: justify;\"><strong>ALVANO Nocellara<\/strong> ist eine der h\u00e4ufigsten Sorten im Belice und Alto-Belice Gebiet. Ihre kr\u00e4ftigen Kr\u00e4uternoten, die dunkelgr\u00fcne F\u00e4rbung und die h\u00f6here Geschmacksintensit\u00e4t sind charakteristisch. Bei fr\u00fcher Ernte, wie zuletzt 2015, erh\u00e4lt das \u00d6l eine sehr gute Persistenz. Liebhaber kr\u00e4ftiger, intensiver \u00d6le kommen hier auf ihre Kosten. Die guten Erntemengen haben es wieder erm\u00f6glicht, ein sortenreines Nocellara zu produzieren.<\/p>\n<p style=\"text-align: justify;\"><strong>ALVANO Biancolilla<\/strong> ist eine alte sizilianische Olivensorte, das klassische \u00d6l der Sikaner Berge. Die Biancolilla Olive ist ergiebig, das \u00d6l schmeckt frisch und ist von leichterer Intensit\u00e4t. Kr\u00e4uternoten wie Basilikum, Tomaten\u00a0und Rucola\u00a0werden von Walnu\u00df und gr\u00fcnen Mandeln untermalt, auch eine leichte Sch\u00e4rfe von Peperoni ist auszumachen. Am Gaumen ansteigende Geschmacksintensit\u00e4t, im Abgang pfeffrig, mittlere Persistenz. Ein harmonisches \u00d6l f\u00fcr gr\u00fcne Salate, aufs Brot, zu Fisch und \u00fcber ged\u00fcnstetes Gem\u00fcse.<\/p>\n<p>[singlepic id=85 h=180 float=right]<\/p>\n<p>[singlepic id=86 h=180 float=right]<\/p>\n","protected":false},"excerpt":{"rendered":"<p>[singlepic id=88 h=180 float=right]Die \u00d6le aus dem eigenen Olivenhain unterhalb des Monte Triona, auf Gemarkung Alvano im Flurgebiet von Bisacquino, Provinz Palermo nehmen nun schon seit mehreren Jahren eine Spitzenstellung ein. Der teilweise stark schotterige Lehmboden, in leichter Hanglage auf &hellip; <a href=\"https:\/\/www.bellina.eu\/?page_id=305\">Weiterlesen <span class=\"meta-nav\">&rarr;<\/span><\/a><\/p>\n","protected":false},"author":1,"featured_media":0,"parent":0,"menu_order":0,"comment_status":"closed","ping_status":"closed","template":"sidebar-page.php","meta":{"footnotes":""},"class_list":["post-305","page","type-page","status-publish","hentry"],"_links":{"self":[{"href":"https:\/\/www.bellina.eu\/index.php?rest_route=\/wp\/v2\/pages\/305","targetHints":{"allow":["GET"]}}],"collection":[{"href":"https:\/\/www.bellina.eu\/index.php?rest_route=\/wp\/v2\/pages"}],"about":[{"href":"https:\/\/www.bellina.eu\/index.php?rest_route=\/wp\/v2\/types\/page"}],"author":[{"embeddable":true,"href":"https:\/\/www.bellina.eu\/index.php?rest_route=\/wp\/v2\/users\/1"}],"replies":[{"embeddable":true,"href":"https:\/\/www.bellina.eu\/index.php?rest_route=%2Fwp%2Fv2%2Fcomments&post=305"}],"version-history":[{"count":53,"href":"https:\/\/www.bellina.eu\/index.php?rest_route=\/wp\/v2\/pages\/305\/revisions"}],"predecessor-version":[{"id":1622,"href":"https:\/\/www.bellina.eu\/index.php?rest_route=\/wp\/v2\/pages\/305\/revisions\/1622"}],"wp:attachment":[{"href":"https:\/\/www.bellina.eu\/index.php?rest_route=%2Fwp%2Fv2%2Fmedia&parent=305"}],"curies":[{"name":"wp","href":"https:\/\/api.w.org\/{rel}","templated":true}]}}