{"id":590,"date":"2012-09-18T21:25:15","date_gmt":"2012-09-18T19:25:15","guid":{"rendered":"http:\/\/xshop.bellina.eu\/?page_id=590"},"modified":"2012-09-25T08:30:10","modified_gmt":"2012-09-25T06:30:10","slug":"reisen","status":"publish","type":"page","link":"https:\/\/www.bellina.eu\/?page_id=590","title":{"rendered":"Reisen"},"content":{"rendered":"<p>in kleinen Gruppen, individuell betreut, mit flexibler Programmgestaltung.<\/p>\n<p>Aus den positiven R\u00fcckmeldungen der Erntehelfer aus Deutschland, D\u00e4nemark und Norditalien entstand die Idee, auch unterj\u00e4hrig Wanderreisen in das sizilianische Bergland zu veranstalten. Vier Naturreservate in der N\u00e4he von Bisacquino laden ein, weit abseits der Touristenstr\u00f6me zu entspannen und unber\u00fchrte Natur zu geniessen. Das abwechslungsreiche Programm ist auf kleine Gruppen bis max. 12 Teilnehmer ausgerichtet. Kontakt zur Bev\u00f6lkerung und zur lokalen Kultur ist Teil des Erlebnisses. In den Monaten April \u2013 Mitte Juni kommen Liebhaber bunt bl\u00fchender Wiesen und seltener Orchideen auf ihre Kosten. Mitte September bis Ende November erwacht die Natur nach der Sommertrockenheit zu einer Art Fr\u00fchling, gr\u00fcne Wiesen mit vielerlei Blumen &#8211; vermischt mit den Herbstfarben der Laubbb\u00e4ume und bei sp\u00e4tsommerlichen Temperaturen kommen auch Pilzkenner auf ihre Kosten.<\/p>\n<p>Standort ist Bisacquino, zus\u00e4tzlich zum Wanderprogramm starten wir auf Wunsch zu Tagesausfl\u00fcgen,<\/p>\n<ul>\n<li>an die S\u00fcdk\u00fcste mit herrlich langen, kaum verbauten Sandstr\u00e4nden<\/li>\n<li>nach Sciacca, Caltabellotta<\/li>\n<li>zu den Sehensw\u00fcrdigkeiten der griechischen Antike: Selinunte, Segesta, Eraclea Minoa, Agrigento<\/li>\n<li>zu aktuellen arch\u00e4ologischen Grabungsgebieten: Entella, Adranone, Monte Jato<\/li>\n<li>nach Palermo und Monreale, Ficuzza<\/li>\n<li>Erice, Scopello, Castellammare<\/li>\n<\/ul>\n<p>Unterbringung und Versorgung im eigenen Haus mit 2 Wohneinheiten mit je 2 DZ und nach Bedarf zus\u00e4tzlicher Zimmeranmietung \/ Hotelunterkunft. Bestandteil des Angebotes sind gemeinsame Kochabende, geselliges Beisammensein sowie auch Besuche von Weing\u00fctern in der n\u00e4heren Umgebung mit Verkostung, von Wochenm\u00e4rkten in Bisacquino, Sambuca di Sicilia&#8230;<\/p>\n<p>Im Vordergrund steht immer ein entspannter und erholsamer Urlaub &#8211; ohne Besichtigungs- und Terminstress.<\/p>\n<p>&nbsp;<\/p>\n","protected":false},"excerpt":{"rendered":"<p>in kleinen Gruppen, individuell betreut, mit flexibler Programmgestaltung. Aus den positiven R\u00fcckmeldungen der Erntehelfer aus Deutschland, D\u00e4nemark und Norditalien entstand die Idee, auch unterj\u00e4hrig Wanderreisen in das sizilianische Bergland zu veranstalten. Vier Naturreservate in der N\u00e4he von Bisacquino laden ein, &hellip; <a href=\"https:\/\/www.bellina.eu\/?page_id=590\">Weiterlesen <span class=\"meta-nav\">&rarr;<\/span><\/a><\/p>\n","protected":false},"author":1,"featured_media":468,"parent":0,"menu_order":0,"comment_status":"closed","ping_status":"closed","template":"sidebar-page.php","meta":{"footnotes":""},"class_list":["post-590","page","type-page","status-publish","has-post-thumbnail","hentry"],"_links":{"self":[{"href":"https:\/\/www.bellina.eu\/index.php?rest_route=\/wp\/v2\/pages\/590","targetHints":{"allow":["GET"]}}],"collection":[{"href":"https:\/\/www.bellina.eu\/index.php?rest_route=\/wp\/v2\/pages"}],"about":[{"href":"https:\/\/www.bellina.eu\/index.php?rest_route=\/wp\/v2\/types\/page"}],"author":[{"embeddable":true,"href":"https:\/\/www.bellina.eu\/index.php?rest_route=\/wp\/v2\/users\/1"}],"replies":[{"embeddable":true,"href":"https:\/\/www.bellina.eu\/index.php?rest_route=%2Fwp%2Fv2%2Fcomments&post=590"}],"version-history":[{"count":10,"href":"https:\/\/www.bellina.eu\/index.php?rest_route=\/wp\/v2\/pages\/590\/revisions"}],"predecessor-version":[{"id":821,"href":"https:\/\/www.bellina.eu\/index.php?rest_route=\/wp\/v2\/pages\/590\/revisions\/821"}],"wp:featuredmedia":[{"embeddable":true,"href":"https:\/\/www.bellina.eu\/index.php?rest_route=\/wp\/v2\/media\/468"}],"wp:attachment":[{"href":"https:\/\/www.bellina.eu\/index.php?rest_route=%2Fwp%2Fv2%2Fmedia&parent=590"}],"curies":[{"name":"wp","href":"https:\/\/api.w.org\/{rel}","templated":true}]}}