{"id":593,"date":"2012-09-18T21:37:27","date_gmt":"2012-09-18T19:37:27","guid":{"rendered":"http:\/\/xshop.bellina.eu\/?page_id=593"},"modified":"2019-01-16T17:13:55","modified_gmt":"2019-01-16T15:13:55","slug":"de-arte-oleum","status":"publish","type":"page","link":"https:\/\/www.bellina.eu\/?page_id=593","title":{"rendered":"De arte oleum"},"content":{"rendered":"<p>&#8230; Von der Kunst, herausragendes Oliven\u00f6l herzustellen.<\/p>\n<p>Meine Grundregeln<\/p>\n<ol>\n<li>Ernte zum richtigen Zeitpunkt, wenn die Fr\u00fcchte ihr volles Aroma geben<\/li>\n<li>Unverz\u00fcgliche Verarbeitung, noch am Erntetag<\/li>\n<li>Geringstm\u00f6glicher Sauerstoffkontakt w\u00e4hrend der Produktion und Abf\u00fcllung<\/li>\n<li>Vertrauensvolle Zusammenarbeit zwischen Produzent und \u00d6lm\u00fchle<\/li>\n<li>J\u00e4hrliche Modernisierung der Produktionsanlage<\/li>\n<li>St\u00e4ndige Verbesserung der Methoden und Abl\u00e4ufe<\/li>\n<li>Gute Vernetzung zwischen den Olivenanbauern ausgesuchter Lagen<\/li>\n<li>Regelm\u00e4\u00dfiger Pflegeschnitt der B\u00e4ume<\/li>\n<li>Absolute Sauberkeit der Beh\u00e4ltnisse f\u00fcr die Zwischenlagerung<\/li>\n<li>Eigene Pr\u00e4senz \u00fcber den gesamten Herstellungsprozess<\/li>\n<\/ol>\n<p>Diese Faktoren f\u00fcr gute Qualit\u00e4t bei Oliven\u00f6l sind kein Geheimnis, aber kleine Produzenten haben gegen\u00fcber Massenherstellern den Vorteil, dass die investierte Sorgfalt und Liebe so gut wie immer zu einem herausragenden Ergebnis f\u00fchrt. Das beginnt mit der Baum- und Bodenpflege, geht weiter mit Erntemethode und Wahl der \u00d6lm\u00fchle und endet in der Abf\u00fcllung. Nur durch pers\u00f6nliche Anwesenheit ist die Einhaltung hoher Qualit\u00e4tskriterien sicher gestellt. Der richtige Erntezeitpunkt, die pflegliche Erntemethode \u2013Abstreifen der Fr\u00fcchte von Hand- die optimale Mischung aus gr\u00fcnen und halbreifen Oliven, die sofortige Verarbeitung am Erntetag und die Lagerung des \u00d6les in sauberen, dicht verschlossenen Edelstahlbeh\u00e4ltern unterliegen der direkten Kontrolle, genauso wie die Anlieferung der zugekauften Fr\u00fcchte.<br \/>\nSeit \u00fcber\u00a0f\u00fcnf Jahren setzt sich das Ernteteam aus einem\u00a0internationalen Freundeskreis zusammen, der sich im November in Sizilien zusammenfindet und bei sonnigem Wetter Oliven pfl\u00fcckt.<\/p>\n","protected":false},"excerpt":{"rendered":"<p>&#8230; Von der Kunst, herausragendes Oliven\u00f6l herzustellen. Meine Grundregeln Ernte zum richtigen Zeitpunkt, wenn die Fr\u00fcchte ihr volles Aroma geben Unverz\u00fcgliche Verarbeitung, noch am Erntetag Geringstm\u00f6glicher Sauerstoffkontakt w\u00e4hrend der Produktion und Abf\u00fcllung Vertrauensvolle Zusammenarbeit zwischen Produzent und \u00d6lm\u00fchle J\u00e4hrliche Modernisierung &hellip; <a href=\"https:\/\/www.bellina.eu\/?page_id=593\">Weiterlesen <span class=\"meta-nav\">&rarr;<\/span><\/a><\/p>\n","protected":false},"author":1,"featured_media":465,"parent":0,"menu_order":0,"comment_status":"closed","ping_status":"closed","template":"sidebar-page.php","meta":{"footnotes":""},"class_list":["post-593","page","type-page","status-publish","has-post-thumbnail","hentry"],"_links":{"self":[{"href":"https:\/\/www.bellina.eu\/index.php?rest_route=\/wp\/v2\/pages\/593","targetHints":{"allow":["GET"]}}],"collection":[{"href":"https:\/\/www.bellina.eu\/index.php?rest_route=\/wp\/v2\/pages"}],"about":[{"href":"https:\/\/www.bellina.eu\/index.php?rest_route=\/wp\/v2\/types\/page"}],"author":[{"embeddable":true,"href":"https:\/\/www.bellina.eu\/index.php?rest_route=\/wp\/v2\/users\/1"}],"replies":[{"embeddable":true,"href":"https:\/\/www.bellina.eu\/index.php?rest_route=%2Fwp%2Fv2%2Fcomments&post=593"}],"version-history":[{"count":9,"href":"https:\/\/www.bellina.eu\/index.php?rest_route=\/wp\/v2\/pages\/593\/revisions"}],"predecessor-version":[{"id":1878,"href":"https:\/\/www.bellina.eu\/index.php?rest_route=\/wp\/v2\/pages\/593\/revisions\/1878"}],"wp:featuredmedia":[{"embeddable":true,"href":"https:\/\/www.bellina.eu\/index.php?rest_route=\/wp\/v2\/media\/465"}],"wp:attachment":[{"href":"https:\/\/www.bellina.eu\/index.php?rest_route=%2Fwp%2Fv2%2Fmedia&parent=593"}],"curies":[{"name":"wp","href":"https:\/\/api.w.org\/{rel}","templated":true}]}}